{"id":1018,"date":"2023-03-15T15:33:03","date_gmt":"2023-03-15T22:33:03","guid":{"rendered":"https:\/\/leftparty.net\/?page_id=1018"},"modified":"2023-10-08T22:21:00","modified_gmt":"2023-10-09T05:21:00","slug":"home","status":"publish","type":"page","link":"http:\/\/leftparty.net\/?page_id=1018&lang=en","title":{"rendered":"HOME"},"content":{"rendered":"\n<div class=\"wp-block-columns is-layout-flex wp-container-core-columns-is-layout-9d6595d7 wp-block-columns-is-layout-flex\">\n<div class=\"wp-block-column is-layout-flow wp-block-column-is-layout-flow\" style=\"flex-basis:66.66%\">\n<h1 class=\"has-text-align-center wp-block-heading\"><strong>LATEST POSTS<\/strong><\/h1>\n\n\n<ul class=\"wp-block-latest-posts__list is-grid columns-2 has-dates wp-block-latest-posts\"><li><div class=\"wp-block-latest-posts__featured-image\"><img loading=\"lazy\" decoding=\"async\" width=\"940\" height=\"788\" src=\"https:\/\/leftparty.net\/wp-content\/uploads\/2025\/07\/Bolivia-elecciones-ni-un-voto-a-las-candidaturas-burguesas.jpeg\" class=\"attachment-large size-large wp-post-image\" alt=\"\" style=\"\" srcset=\"https:\/\/leftparty.net\/wp-content\/uploads\/2025\/07\/Bolivia-elecciones-ni-un-voto-a-las-candidaturas-burguesas.jpeg 940w, https:\/\/leftparty.net\/wp-content\/uploads\/2025\/07\/Bolivia-elecciones-ni-un-voto-a-las-candidaturas-burguesas-300x251.jpeg 300w, https:\/\/leftparty.net\/wp-content\/uploads\/2025\/07\/Bolivia-elecciones-ni-un-voto-a-las-candidaturas-burguesas-768x644.jpeg 768w\" sizes=\"auto, (max-width: 940px) 100vw, 940px\" \/><\/div><a class=\"wp-block-latest-posts__post-title\" href=\"https:\/\/leftparty.net\/?p=1246\">Bolivia: 500 a\u00f1os de farsa y miseria, ni un voto a las candidaturas burguesas.<\/a><time datetime=\"2025-07-15T09:58:22-07:00\" class=\"wp-block-latest-posts__post-date\">15\/07\/2025<\/time><div class=\"wp-block-latest-posts__post-excerpt\">La situaci\u00f3n se est\u00e1 deteriorando r\u00e1pidamente para la mayor\u00eda de la poblaci\u00f3n que vive de su trabajo. El aumento de los precios de los alimentos, la ropa y la salud ha llegado a niveles imposibles de afrontar, amenazando con enviar a corto plazo millones de personas a la indigencia. Mientras tanto, los empresarios y sus&hellip;&nbsp;<a href=\"https:\/\/leftparty.net\/?p=1246\" rel=\"bookmark\"><span class=\"screen-reader-text\">Bolivia: 500 a\u00f1os de farsa y miseria, ni un voto a las candidaturas burguesas.<\/span><\/a><\/div><\/li>\n<li><div class=\"wp-block-latest-posts__featured-image\"><img loading=\"lazy\" decoding=\"async\" width=\"819\" height=\"1024\" src=\"https:\/\/leftparty.net\/wp-content\/uploads\/2025\/04\/1mayo-819x1024.png\" class=\"attachment-large size-large wp-post-image\" alt=\"\" style=\"\" srcset=\"https:\/\/leftparty.net\/wp-content\/uploads\/2025\/04\/1mayo-819x1024.png 819w, https:\/\/leftparty.net\/wp-content\/uploads\/2025\/04\/1mayo-240x300.png 240w, https:\/\/leftparty.net\/wp-content\/uploads\/2025\/04\/1mayo-768x960.png 768w, https:\/\/leftparty.net\/wp-content\/uploads\/2025\/04\/1mayo.png 1080w\" sizes=\"auto, (max-width: 819px) 100vw, 819px\" \/><\/div><a class=\"wp-block-latest-posts__post-title\" href=\"https:\/\/leftparty.net\/?p=1242\">1\u00ba de Mayo: En pie de guerra.<\/a><time datetime=\"2025-04-16T21:20:22-07:00\" class=\"wp-block-latest-posts__post-date\">16\/04\/2025<\/time><div class=\"wp-block-latest-posts__post-excerpt\">La cat\u00e1strofe ambiental sigue avanzando, incendios devastadores, sequ\u00edas, grandes inundaciones, huracanes enormes, plagas, aguas y tierras contaminadas, praderas desertizadas, alimentos y medicamentos transg\u00e9nicos, entre otras que se multiplican con sus consecuencias en la salud y los ecosistemas, sembrando la muerte alrededor del mundo. Pueblos enteros desplazados, millones de personas y todas las especies del planeta&hellip;&nbsp;<a href=\"https:\/\/leftparty.net\/?p=1242\" rel=\"bookmark\"><span class=\"screen-reader-text\">1\u00ba de Mayo: En pie de guerra.<\/span><\/a><\/div><\/li>\n<li><div class=\"wp-block-latest-posts__featured-image\"><img loading=\"lazy\" decoding=\"async\" width=\"940\" height=\"788\" src=\"https:\/\/leftparty.net\/wp-content\/uploads\/2025\/02\/1-13.png\" class=\"attachment-large size-large wp-post-image\" alt=\"\" style=\"\" srcset=\"https:\/\/leftparty.net\/wp-content\/uploads\/2025\/02\/1-13.png 940w, https:\/\/leftparty.net\/wp-content\/uploads\/2025\/02\/1-13-300x251.png 300w, https:\/\/leftparty.net\/wp-content\/uploads\/2025\/02\/1-13-768x644.png 768w\" sizes=\"auto, (max-width: 940px) 100vw, 940px\" \/><\/div><a class=\"wp-block-latest-posts__post-title\" href=\"https:\/\/leftparty.net\/?p=1238\">\u00a1Todo el apoyo a los migrantes!<\/a><time datetime=\"2025-02-23T23:49:27-07:00\" class=\"wp-block-latest-posts__post-date\">23\/02\/2025<\/time><div class=\"wp-block-latest-posts__post-excerpt\">Con el ascenso al poder de Donald Trump y sus promesas de campa\u00f1a, el miedo y la incertidumbre han aumentado entre muchos miembros de la comunidad de inmigrantes indocumentados en Estados Unidos. El gobierno ya ha expulsado a cientos y enviado a algunos al campo de detenci\u00f3n de Guant\u00e1namo.Su promesa de endurecer las pol\u00edticas de&hellip;&nbsp;<a href=\"https:\/\/leftparty.net\/?p=1238\" rel=\"bookmark\"><span class=\"screen-reader-text\">\u00a1Todo el apoyo a los migrantes!<\/span><\/a><\/div><\/li>\n<li><div class=\"wp-block-latest-posts__featured-image\"><img loading=\"lazy\" decoding=\"async\" width=\"1024\" height=\"768\" src=\"https:\/\/leftparty.net\/wp-content\/uploads\/2024\/06\/New-Caledonia-Free-an-Socialist.jpg\" class=\"attachment-large size-large wp-post-image\" alt=\"\" style=\"\" srcset=\"https:\/\/leftparty.net\/wp-content\/uploads\/2024\/06\/New-Caledonia-Free-an-Socialist.jpg 1024w, https:\/\/leftparty.net\/wp-content\/uploads\/2024\/06\/New-Caledonia-Free-an-Socialist-300x225.jpg 300w, https:\/\/leftparty.net\/wp-content\/uploads\/2024\/06\/New-Caledonia-Free-an-Socialist-768x576.jpg 768w\" sizes=\"auto, (max-width: 1024px) 100vw, 1024px\" \/><\/div><a class=\"wp-block-latest-posts__post-title\" href=\"https:\/\/leftparty.net\/?p=1230\">LONG LIVE THE STRUGGLE OF THE KANACO PEOPLE!<\/a><time datetime=\"2024-06-07T17:51:20-07:00\" class=\"wp-block-latest-posts__post-date\">07\/06\/2024<\/time><div class=\"wp-block-latest-posts__post-excerpt\">LONG LIVE THE STRUGGLE OF THE KANACO PEOPLE! THE FRENCH IMPERIALISTS MUST BE KICKED OUT OF NEW CALEDONIA! 15 days after the anti-colonial uprising in New Caledonia, a third of the country is in the hands of the original population &#8211; the Khanak people &#8211; despite the efforts of political negotiation and the criminal repression&hellip;&nbsp;<a href=\"https:\/\/leftparty.net\/?p=1230\" rel=\"bookmark\"><span class=\"screen-reader-text\">LONG LIVE THE STRUGGLE OF THE KANACO PEOPLE!<\/span><\/a><\/div><\/li>\n<li><div class=\"wp-block-latest-posts__featured-image\"><img loading=\"lazy\" decoding=\"async\" width=\"1024\" height=\"768\" src=\"https:\/\/leftparty.net\/wp-content\/uploads\/2024\/06\/Nueva-Caledonia-libre-y-socialista.jpg\" class=\"attachment-large size-large wp-post-image\" alt=\"\" style=\"\" srcset=\"https:\/\/leftparty.net\/wp-content\/uploads\/2024\/06\/Nueva-Caledonia-libre-y-socialista.jpg 1024w, https:\/\/leftparty.net\/wp-content\/uploads\/2024\/06\/Nueva-Caledonia-libre-y-socialista-300x225.jpg 300w, https:\/\/leftparty.net\/wp-content\/uploads\/2024\/06\/Nueva-Caledonia-libre-y-socialista-768x576.jpg 768w\" sizes=\"auto, (max-width: 1024px) 100vw, 1024px\" \/><\/div><a class=\"wp-block-latest-posts__post-title\" href=\"https:\/\/leftparty.net\/?p=1227\">\u00a1VIVA LA LUCHA DEL PUEBLO KANACO!<\/a><time datetime=\"2024-06-07T17:48:22-07:00\" class=\"wp-block-latest-posts__post-date\">07\/06\/2024<\/time><div class=\"wp-block-latest-posts__post-excerpt\">\u00a1HAY QUE ECHAR A LOS IMPERIALISTAS FRANCESES DE NUEVA CALEDONIA! A 15 d\u00edas del levantamiento anticolonial en Nueva Caledonia, un tercio del pa\u00eds se encuentra en manos de la poblaci\u00f3n originaria -el pueblo kanaco- a pesar de los esfuerzos de negociaci\u00f3n pol\u00edtica y la represi\u00f3n criminal del gobierno imperialista franc\u00e9s. Nueva Caledonia est\u00e1 compuesta de&hellip;&nbsp;<a href=\"https:\/\/leftparty.net\/?p=1227\" rel=\"bookmark\"><span class=\"screen-reader-text\">\u00a1VIVA LA LUCHA DEL PUEBLO KANACO!<\/span><\/a><\/div><\/li>\n<li><a class=\"wp-block-latest-posts__post-title\" href=\"https:\/\/leftparty.net\/?p=1213\">Por un primero de mayo obrero, socialista y antiextincionista.<\/a><time datetime=\"2024-04-30T14:34:37-07:00\" class=\"wp-block-latest-posts__post-date\">30\/04\/2024<\/time><div class=\"wp-block-latest-posts__post-excerpt\"><\/div><\/li>\n<\/ul><\/div>\n\n\n\n<div class=\"wp-block-column is-layout-flow wp-block-column-is-layout-flow\" style=\"flex-basis:33.33%\">\n<div class=\"wp-block-media-text alignwide is-stacked-on-mobile is-vertically-aligned-top\"><figure class=\"wp-block-media-text__media\"><img loading=\"lazy\" decoding=\"async\" width=\"250\" height=\"284\" src=\"https:\/\/leftparty.net\/wp-content\/uploads\/2023\/10\/manifiesto_logo.png\" alt=\"\" class=\"wp-image-1140 size-full\"\/><\/figure><div class=\"wp-block-media-text__content\">\n<p class=\"has-small-font-size\"><a href=\"https:\/\/izquierda.info\/2022\/10\/21\/manifiesto-por-una-nueva-internacional-marxista-revolucionaria-y-anti-extincionista\/\" target=\"_blank\" rel=\"noreferrer noopener\">Manifiesto por una Nueva Internacional Marxista Revolucionaria y Anti-Extincionista<\/a><\/p>\n<\/div><\/div>\n\n\n\n<div class=\"wp-block-media-text alignwide is-stacked-on-mobile is-vertically-aligned-top\"><figure class=\"wp-block-media-text__media\"><img loading=\"lazy\" decoding=\"async\" width=\"580\" height=\"339\" src=\"https:\/\/leftparty.net\/wp-content\/uploads\/2023\/10\/Lenin-y-Trotsky.png\" alt=\"\" class=\"wp-image-1143 size-full\" srcset=\"https:\/\/leftparty.net\/wp-content\/uploads\/2023\/10\/Lenin-y-Trotsky.png 580w, https:\/\/leftparty.net\/wp-content\/uploads\/2023\/10\/Lenin-y-Trotsky-300x175.png 300w\" sizes=\"auto, (max-width: 580px) 100vw, 580px\" \/><\/figure><div class=\"wp-block-media-text__content\">\n<p class=\"has-small-font-size\"><a href=\"https:\/\/izquierda.info\/revolutionary-trotskyism-history-series-books-and-articles\/\" target=\"_blank\" rel=\"noreferrer noopener\">REVOLUTIONARY TROTSKYISM (History Series, books and articles)<\/a><\/p>\n<\/div><\/div>\n\n\n\n<div class=\"wp-block-media-text alignwide is-stacked-on-mobile is-vertically-aligned-top\"><figure class=\"wp-block-media-text__media\"><img loading=\"lazy\" decoding=\"async\" width=\"1024\" height=\"533\" src=\"https:\/\/leftparty.net\/wp-content\/uploads\/2023\/10\/petroni01-1024x533.jpg\" alt=\"\" class=\"wp-image-1144 size-full\" srcset=\"https:\/\/leftparty.net\/wp-content\/uploads\/2023\/10\/petroni01-1024x533.jpg 1024w, https:\/\/leftparty.net\/wp-content\/uploads\/2023\/10\/petroni01-300x156.jpg 300w, https:\/\/leftparty.net\/wp-content\/uploads\/2023\/10\/petroni01-768x399.jpg 768w, https:\/\/leftparty.net\/wp-content\/uploads\/2023\/10\/petroni01.jpg 1194w\" sizes=\"auto, (max-width: 1024px) 100vw, 1024px\" \/><\/figure><div class=\"wp-block-media-text__content\">\n<p class=\"has-small-font-size\"><a href=\"https:\/\/izquierda.info\/2023\/08\/14\/video-escandalo-en-el-trotskismo-argentino-charla-de-carlos-petroni-leon-perez\/\" target=\"_blank\" rel=\"noreferrer noopener\">VIDEO: Escandalo en el Trotskismo Argentino, Charla de Carlos Petroni (Le\u00f3n P\u00e9rez)<\/a><\/p>\n<\/div><\/div>\n<\/div>\n<\/div>\n\n\n\n<h3 class=\"has-text-align-center wp-block-heading\"><\/h3>\n","protected":false},"excerpt":{"rendered":"<p>LATEST POSTS Manifiesto por una Nueva Internacional Marxista Revolucionaria y Anti-Extincionista REVOLUTIONARY TROTSKYISM (History Series, books and articles) VIDEO: Escandalo en el Trotskismo Argentino, Charla de Carlos Petroni (Le\u00f3n P\u00e9rez)<\/p>\n","protected":false},"author":1,"featured_media":0,"parent":0,"menu_order":0,"comment_status":"closed","ping_status":"closed","template":"","meta":{"neve_meta_sidebar":"","neve_meta_container":"","neve_meta_enable_content_width":"","neve_meta_content_width":0,"neve_meta_title_alignment":"","neve_meta_author_avatar":"","neve_post_elements_order":"","neve_meta_disable_header":"","neve_meta_disable_footer":"","neve_meta_disable_title":"","footnotes":""},"class_list":["post-1018","page","type-page","status-publish","hentry"],"yoast_head":"<!-- This site is optimized with the Yoast SEO plugin v26.2 - https:\/\/yoast.com\/wordpress\/plugins\/seo\/ -->\n<title>HOME - Left Party<\/title>\n<meta name=\"robots\" content=\"index, follow, max-snippet:-1, max-image-preview:large, max-video-preview:-1\" \/>\n<link rel=\"canonical\" href=\"http:\/\/leftparty.net\/?page_id=1018&lang=en\" \/>\n<meta property=\"og:locale\" content=\"en_US\" \/>\n<meta property=\"og:type\" content=\"article\" \/>\n<meta property=\"og:title\" content=\"HOME - Left Party\" \/>\n<meta property=\"og:description\" content=\"LATEST POSTS Manifiesto por una Nueva Internacional Marxista Revolucionaria y Anti-Extincionista REVOLUTIONARY TROTSKYISM (History Series, books and articles) VIDEO: Escandalo en el Trotskismo Argentino, Charla de Carlos Petroni (Le\u00f3n P\u00e9rez)\" \/>\n<meta property=\"og:url\" content=\"http:\/\/leftparty.net\/?page_id=1018&amp;lang=en\" \/>\n<meta property=\"og:site_name\" content=\"Left Party\" \/>\n<meta property=\"article:modified_time\" content=\"2023-10-09T05:21:00+00:00\" \/>\n<meta property=\"og:image\" content=\"https:\/\/leftparty.net\/wp-content\/uploads\/2023\/10\/manifiesto_logo.png\" \/>\n<meta name=\"twitter:card\" content=\"summary_large_image\" \/>\n<meta name=\"twitter:label1\" content=\"Est. reading time\" \/>\n\t<meta name=\"twitter:data1\" content=\"1 minute\" \/>\n<script type=\"application\/ld+json\" class=\"yoast-schema-graph\">{\"@context\":\"https:\/\/schema.org\",\"@graph\":[{\"@type\":\"WebPage\",\"@id\":\"http:\/\/leftparty.net\/?page_id=1018&lang=en\",\"url\":\"http:\/\/leftparty.net\/?page_id=1018&lang=en\",\"name\":\"HOME - Left Party\",\"isPartOf\":{\"@id\":\"https:\/\/leftparty.net\/#website\"},\"primaryImageOfPage\":{\"@id\":\"http:\/\/leftparty.net\/?page_id=1018&lang=en#primaryimage\"},\"image\":{\"@id\":\"http:\/\/leftparty.net\/?page_id=1018&lang=en#primaryimage\"},\"thumbnailUrl\":\"https:\/\/leftparty.net\/wp-content\/uploads\/2023\/10\/manifiesto_logo.png\",\"datePublished\":\"2023-03-15T22:33:03+00:00\",\"dateModified\":\"2023-10-09T05:21:00+00:00\",\"breadcrumb\":{\"@id\":\"http:\/\/leftparty.net\/?page_id=1018&lang=en#breadcrumb\"},\"inLanguage\":\"en-US\",\"potentialAction\":[{\"@type\":\"ReadAction\",\"target\":[\"http:\/\/leftparty.net\/?page_id=1018&lang=en\"]}]},{\"@type\":\"ImageObject\",\"inLanguage\":\"en-US\",\"@id\":\"http:\/\/leftparty.net\/?page_id=1018&lang=en#primaryimage\",\"url\":\"https:\/\/leftparty.net\/wp-content\/uploads\/2023\/10\/manifiesto_logo.png\",\"contentUrl\":\"https:\/\/leftparty.net\/wp-content\/uploads\/2023\/10\/manifiesto_logo.png\"},{\"@type\":\"BreadcrumbList\",\"@id\":\"http:\/\/leftparty.net\/?page_id=1018&lang=en#breadcrumb\",\"itemListElement\":[{\"@type\":\"ListItem\",\"position\":1,\"name\":\"Home\",\"item\":\"http:\/\/leftparty.net\/?page_id=1018&lang=en\"},{\"@type\":\"ListItem\",\"position\":2,\"name\":\"HOME\"}]},{\"@type\":\"WebSite\",\"@id\":\"https:\/\/leftparty.net\/#website\",\"url\":\"https:\/\/leftparty.net\/\",\"name\":\"Left Party\",\"description\":\"POST CAPITALISM\",\"potentialAction\":[{\"@type\":\"SearchAction\",\"target\":{\"@type\":\"EntryPoint\",\"urlTemplate\":\"https:\/\/leftparty.net\/?s={search_term_string}\"},\"query-input\":{\"@type\":\"PropertyValueSpecification\",\"valueRequired\":true,\"valueName\":\"search_term_string\"}}],\"inLanguage\":\"en-US\"}]}<\/script>\n<!-- \/ Yoast SEO plugin. -->","yoast_head_json":{"title":"HOME - Left Party","robots":{"index":"index","follow":"follow","max-snippet":"max-snippet:-1","max-image-preview":"max-image-preview:large","max-video-preview":"max-video-preview:-1"},"canonical":"http:\/\/leftparty.net\/?page_id=1018&lang=en","og_locale":"en_US","og_type":"article","og_title":"HOME - Left Party","og_description":"LATEST POSTS Manifiesto por una Nueva Internacional Marxista Revolucionaria y Anti-Extincionista REVOLUTIONARY TROTSKYISM (History Series, books and articles) VIDEO: Escandalo en el Trotskismo Argentino, Charla de Carlos Petroni (Le\u00f3n P\u00e9rez)","og_url":"http:\/\/leftparty.net\/?page_id=1018&lang=en","og_site_name":"Left Party","article_modified_time":"2023-10-09T05:21:00+00:00","og_image":[{"url":"https:\/\/leftparty.net\/wp-content\/uploads\/2023\/10\/manifiesto_logo.png","type":"","width":"","height":""}],"twitter_card":"summary_large_image","twitter_misc":{"Est. reading time":"1 minute"},"schema":{"@context":"https:\/\/schema.org","@graph":[{"@type":"WebPage","@id":"http:\/\/leftparty.net\/?page_id=1018&lang=en","url":"http:\/\/leftparty.net\/?page_id=1018&lang=en","name":"HOME - Left Party","isPartOf":{"@id":"https:\/\/leftparty.net\/#website"},"primaryImageOfPage":{"@id":"http:\/\/leftparty.net\/?page_id=1018&lang=en#primaryimage"},"image":{"@id":"http:\/\/leftparty.net\/?page_id=1018&lang=en#primaryimage"},"thumbnailUrl":"https:\/\/leftparty.net\/wp-content\/uploads\/2023\/10\/manifiesto_logo.png","datePublished":"2023-03-15T22:33:03+00:00","dateModified":"2023-10-09T05:21:00+00:00","breadcrumb":{"@id":"http:\/\/leftparty.net\/?page_id=1018&lang=en#breadcrumb"},"inLanguage":"en-US","potentialAction":[{"@type":"ReadAction","target":["http:\/\/leftparty.net\/?page_id=1018&lang=en"]}]},{"@type":"ImageObject","inLanguage":"en-US","@id":"http:\/\/leftparty.net\/?page_id=1018&lang=en#primaryimage","url":"https:\/\/leftparty.net\/wp-content\/uploads\/2023\/10\/manifiesto_logo.png","contentUrl":"https:\/\/leftparty.net\/wp-content\/uploads\/2023\/10\/manifiesto_logo.png"},{"@type":"BreadcrumbList","@id":"http:\/\/leftparty.net\/?page_id=1018&lang=en#breadcrumb","itemListElement":[{"@type":"ListItem","position":1,"name":"Home","item":"http:\/\/leftparty.net\/?page_id=1018&lang=en"},{"@type":"ListItem","position":2,"name":"HOME"}]},{"@type":"WebSite","@id":"https:\/\/leftparty.net\/#website","url":"https:\/\/leftparty.net\/","name":"Left Party","description":"POST CAPITALISM","potentialAction":[{"@type":"SearchAction","target":{"@type":"EntryPoint","urlTemplate":"https:\/\/leftparty.net\/?s={search_term_string}"},"query-input":{"@type":"PropertyValueSpecification","valueRequired":true,"valueName":"search_term_string"}}],"inLanguage":"en-US"}]}},"_links":{"self":[{"href":"https:\/\/leftparty.net\/index.php?rest_route=\/wp\/v2\/pages\/1018","targetHints":{"allow":["GET"]}}],"collection":[{"href":"https:\/\/leftparty.net\/index.php?rest_route=\/wp\/v2\/pages"}],"about":[{"href":"https:\/\/leftparty.net\/index.php?rest_route=\/wp\/v2\/types\/page"}],"author":[{"embeddable":true,"href":"https:\/\/leftparty.net\/index.php?rest_route=\/wp\/v2\/users\/1"}],"replies":[{"embeddable":true,"href":"https:\/\/leftparty.net\/index.php?rest_route=%2Fwp%2Fv2%2Fcomments&post=1018"}],"version-history":[{"count":6,"href":"https:\/\/leftparty.net\/index.php?rest_route=\/wp\/v2\/pages\/1018\/revisions"}],"predecessor-version":[{"id":1146,"href":"https:\/\/leftparty.net\/index.php?rest_route=\/wp\/v2\/pages\/1018\/revisions\/1146"}],"wp:attachment":[{"href":"https:\/\/leftparty.net\/index.php?rest_route=%2Fwp%2Fv2%2Fmedia&parent=1018"}],"curies":[{"name":"wp","href":"https:\/\/api.w.org\/{rel}","templated":true}]}}